{"id":67444,"date":"2025-11-17T14:01:49","date_gmt":"2025-11-17T12:01:49","guid":{"rendered":"https:\/\/apsm.gr\/?page_id=67444"},"modified":"2025-11-17T14:01:49","modified_gmt":"2025-11-17T12:01:49","slug":"gesundheit-und-sicherheit-in-der-arbeit","status":"publish","type":"page","link":"https:\/\/apsm.gr\/de\/profil\/gesundheit-und-sicherheit-in-der-arbeit\/","title":{"rendered":"GESUNDHEIT und SICHERHEIT in der ARBEIT"},"content":{"rendered":"<p>[vc_row type=&#8221;container&#8221; padding_top=&#8221;&#8221; padding_bottom=&#8221;&#8221;][vc_column][vc_row_inner][vc_column_inner][vc_gallery type=&#8221;image_grid&#8221; images=&#8221;66701&#8243; img_size=&#8221;900&#215;400&#8243; onclick=&#8221;&#8221; css_animation=&#8221;right-to-left&#8221;][\/vc_column_inner][\/vc_row_inner][vc_column_text]<\/p>\n<div class=\"entry-content\">\n<div class=\"entry-content\">\n<h3>Arbeitsschutz- und Gesundheitspolitik<\/h3>\n<p>Die Gesch\u00e4ftsleitung und das Personal der PALAIOLOGOS ANESTIS GESELLSCHAFT MIT BESCHR\u00c4NKTER HAFTUNG \u2013 A.P. SUPPLIES AND MEDIA L.T.D. verpflichten sich, im Rahmen der vom Unternehmen festgelegten Arbeitsschutz- und Gesundheitspolitik zu handeln und stets eine kontinuierliche Verbesserung der Leistung im Bereich Arbeits- und Gesundheitsschutz als grundlegendes und nicht verhandelbares Ziel anzustreben.<\/p>\n<p>Das Unternehmen verpflichtet sich:<\/p>\n<ul>\n<li>Eine kontinuierliche Analyse durchzuf\u00fchren, um die Art von Gefahren zu erkennen und zu bewerten, die Risiken f\u00fcr das Personal, die Einrichtungen, die Subunternehmer sowie alle von den T\u00e4tigkeiten des Unternehmens betroffenen Personen darstellen, und Ma\u00dfnahmen zu bestimmen und umzusetzen, um diese Auswirkungen zu verhindern, zu verringern oder zu kontrollieren.<\/li>\n<li>Eine vollst\u00e4ndige Einhaltung der geltenden Gesetze, Vorschriften und anderer eingegangener Verpflichtungen sicherzustellen.<\/li>\n<li>Daf\u00fcr zu sorgen, dass die Mitarbeiter und F\u00fchrungskr\u00e4fte stets f\u00fcr Themen im Zusammenhang mit Gesundheit und Sicherheit am Arbeitsplatz sensibilisiert sind, sowie eine aktive Beteiligung der Unternehmensleitung an Konsultationen mit ihnen zu f\u00f6rdern, um alle Fragen, die die Sicherheit und<br \/>\nGesundheit der Besch\u00e4ftigten betreffen, besser zu bew\u00e4ltigen und zu steuern<\/li>\n<li>Sichere Arbeitsbedingungen an allen Arbeitspl\u00e4tzen (B\u00fcros und Lagerh\u00e4usern) zu gew\u00e4hrleisten, wobei der Schwerpunkt auf der Verh\u00fctung von Arbeitsunf\u00e4llen und Berufskrankheiten liegt, sowie alle erforderlichen Ma\u00dfnahmen zum Schutz und zur Vorbereitung auf Notf\u00e4lle zu treffen.<\/li>\n<\/ul>\n<\/div>\n<p style=\"text-align: center;\">Alimos 22h May 2025<\/p>\n<p style=\"text-align: center;\">Anestis Palaiologos<br \/>\nGesch\u00e4ftsf\u00fchrer<\/p>\n<\/div>\n<p>[\/vc_column_text][\/vc_column][\/vc_row]<\/p>\n","protected":false},"excerpt":{"rendered":"<p>[vc_row type=&#8221;container&#8221; padding_top=&#8221;&#8221; padding_bottom=&#8221;&#8221;][vc_column][vc_row_inner][vc_column_inner][vc_gallery type=&#8221;image_grid&#8221; images=&#8221;66701&#8243; img_size=&#8221;900&#215;400&#8243; onclick=&#8221;&#8221; css_animation=&#8221;right-to-left&#8221;][\/vc_column_inner][\/vc_row_inner][vc_column_text] Arbeitsschutz- und Gesundheitspolitik Die Gesch\u00e4ftsleitung und das Personal der PALAIOLOGOS ANESTIS GESELLSCHAFT MIT BESCHR\u00c4NKTER HAFTUNG \u2013 A.P. SUPPLIES AND MEDIA L.T.D. verpflichten sich, im Rahmen der vom Unternehmen festgelegten Arbeitsschutz- und Gesundheitspolitik zu handeln und stets eine kontinuierliche Verbesserung der Leistung im Bereich Arbeits- und Gesundheitsschutz [&hellip;]<\/p>\n","protected":false},"author":16,"featured_media":0,"parent":66929,"menu_order":3,"comment_status":"closed","ping_status":"closed","template":"","meta":{"_acf_changed":false,"footnotes":""},"class_list":["post-67444","page","type-page","status-publish","hentry"],"acf":[],"yoast_head":"<!-- This site is optimized with the Yoast SEO plugin v26.5 - https:\/\/yoast.com\/wordpress\/plugins\/seo\/ -->\n<title>GESUNDHEIT und SICHERHEIT in der ARBEIT - Apsm.gr<\/title>\n<meta name=\"robots\" content=\"index, follow, max-snippet:-1, max-image-preview:large, max-video-preview:-1\" \/>\n<link rel=\"canonical\" href=\"https:\/\/apsm.gr\/de\/profil\/gesundheit-und-sicherheit-in-der-arbeit\/\" \/>\n<meta property=\"og:locale\" content=\"de_DE\" \/>\n<meta property=\"og:type\" content=\"article\" \/>\n<meta property=\"og:title\" content=\"GESUNDHEIT und SICHERHEIT in der ARBEIT - Apsm.gr\" \/>\n<meta property=\"og:description\" content=\"[vc_row type=&#8221;container&#8221; padding_top=&#8221;&#8221; padding_bottom=&#8221;&#8221;][vc_column][vc_row_inner][vc_column_inner][vc_gallery type=&#8221;image_grid&#8221; images=&#8221;66701&#8243; img_size=&#8221;900&#215;400&#8243; onclick=&#8221;&#8221; css_animation=&#8221;right-to-left&#8221;][\/vc_column_inner][\/vc_row_inner][vc_column_text] Arbeitsschutz- und Gesundheitspolitik Die Gesch\u00e4ftsleitung und das Personal der PALAIOLOGOS ANESTIS GESELLSCHAFT MIT BESCHR\u00c4NKTER HAFTUNG \u2013 A.P. SUPPLIES AND MEDIA L.T.D. verpflichten sich, im Rahmen der vom Unternehmen festgelegten Arbeitsschutz- und Gesundheitspolitik zu handeln und stets eine kontinuierliche Verbesserung der Leistung im Bereich Arbeits- und Gesundheitsschutz [&hellip;]\" \/>\n<meta property=\"og:url\" content=\"https:\/\/apsm.gr\/de\/profil\/gesundheit-und-sicherheit-in-der-arbeit\/\" \/>\n<meta property=\"og:site_name\" content=\"Apsm.gr\" \/>\n<meta name=\"twitter:card\" content=\"summary_large_image\" \/>\n<meta name=\"twitter:label1\" content=\"Gesch\u00e4tzte Lesezeit\" \/>\n\t<meta name=\"twitter:data1\" content=\"2\u00a0Minuten\" \/>\n<script type=\"application\/ld+json\" class=\"yoast-schema-graph\">{\"@context\":\"https:\/\/schema.org\",\"@graph\":[{\"@type\":\"WebPage\",\"@id\":\"https:\/\/apsm.gr\/de\/profil\/gesundheit-und-sicherheit-in-der-arbeit\/\",\"url\":\"https:\/\/apsm.gr\/de\/profil\/gesundheit-und-sicherheit-in-der-arbeit\/\",\"name\":\"GESUNDHEIT und SICHERHEIT in der ARBEIT - Apsm.gr\",\"isPartOf\":{\"@id\":\"https:\/\/apsm.gr\/#website\"},\"datePublished\":\"2025-11-17T12:01:49+00:00\",\"breadcrumb\":{\"@id\":\"https:\/\/apsm.gr\/de\/profil\/gesundheit-und-sicherheit-in-der-arbeit\/#breadcrumb\"},\"inLanguage\":\"de\",\"potentialAction\":[{\"@type\":\"ReadAction\",\"target\":[\"https:\/\/apsm.gr\/de\/profil\/gesundheit-und-sicherheit-in-der-arbeit\/\"]}]},{\"@type\":\"BreadcrumbList\",\"@id\":\"https:\/\/apsm.gr\/de\/profil\/gesundheit-und-sicherheit-in-der-arbeit\/#breadcrumb\",\"itemListElement\":[{\"@type\":\"ListItem\",\"position\":1,\"name\":\"Home\",\"item\":\"https:\/\/apsm.gr\/de\/\"},{\"@type\":\"ListItem\",\"position\":2,\"name\":\"Profil\",\"item\":\"https:\/\/apsm.gr\/de\/profil\/\"},{\"@type\":\"ListItem\",\"position\":3,\"name\":\"GESUNDHEIT und SICHERHEIT in der ARBEIT\"}]},{\"@type\":\"WebSite\",\"@id\":\"https:\/\/apsm.gr\/#website\",\"url\":\"https:\/\/apsm.gr\/\",\"name\":\"Apsm.gr\",\"description\":\"Automation Products\",\"potentialAction\":[{\"@type\":\"SearchAction\",\"target\":{\"@type\":\"EntryPoint\",\"urlTemplate\":\"https:\/\/apsm.gr\/?s={search_term_string}\"},\"query-input\":{\"@type\":\"PropertyValueSpecification\",\"valueRequired\":true,\"valueName\":\"search_term_string\"}}],\"inLanguage\":\"de\"}]}<\/script>\n<!-- \/ Yoast SEO plugin. -->","yoast_head_json":{"title":"GESUNDHEIT und SICHERHEIT in der ARBEIT - Apsm.gr","robots":{"index":"index","follow":"follow","max-snippet":"max-snippet:-1","max-image-preview":"max-image-preview:large","max-video-preview":"max-video-preview:-1"},"canonical":"https:\/\/apsm.gr\/de\/profil\/gesundheit-und-sicherheit-in-der-arbeit\/","og_locale":"de_DE","og_type":"article","og_title":"GESUNDHEIT und SICHERHEIT in der ARBEIT - Apsm.gr","og_description":"[vc_row type=&#8221;container&#8221; padding_top=&#8221;&#8221; padding_bottom=&#8221;&#8221;][vc_column][vc_row_inner][vc_column_inner][vc_gallery type=&#8221;image_grid&#8221; images=&#8221;66701&#8243; img_size=&#8221;900&#215;400&#8243; onclick=&#8221;&#8221; css_animation=&#8221;right-to-left&#8221;][\/vc_column_inner][\/vc_row_inner][vc_column_text] Arbeitsschutz- und Gesundheitspolitik Die Gesch\u00e4ftsleitung und das Personal der PALAIOLOGOS ANESTIS GESELLSCHAFT MIT BESCHR\u00c4NKTER HAFTUNG \u2013 A.P. SUPPLIES AND MEDIA L.T.D. verpflichten sich, im Rahmen der vom Unternehmen festgelegten Arbeitsschutz- und Gesundheitspolitik zu handeln und stets eine kontinuierliche Verbesserung der Leistung im Bereich Arbeits- und Gesundheitsschutz [&hellip;]","og_url":"https:\/\/apsm.gr\/de\/profil\/gesundheit-und-sicherheit-in-der-arbeit\/","og_site_name":"Apsm.gr","twitter_card":"summary_large_image","twitter_misc":{"Gesch\u00e4tzte Lesezeit":"2\u00a0Minuten"},"schema":{"@context":"https:\/\/schema.org","@graph":[{"@type":"WebPage","@id":"https:\/\/apsm.gr\/de\/profil\/gesundheit-und-sicherheit-in-der-arbeit\/","url":"https:\/\/apsm.gr\/de\/profil\/gesundheit-und-sicherheit-in-der-arbeit\/","name":"GESUNDHEIT und SICHERHEIT in der ARBEIT - Apsm.gr","isPartOf":{"@id":"https:\/\/apsm.gr\/#website"},"datePublished":"2025-11-17T12:01:49+00:00","breadcrumb":{"@id":"https:\/\/apsm.gr\/de\/profil\/gesundheit-und-sicherheit-in-der-arbeit\/#breadcrumb"},"inLanguage":"de","potentialAction":[{"@type":"ReadAction","target":["https:\/\/apsm.gr\/de\/profil\/gesundheit-und-sicherheit-in-der-arbeit\/"]}]},{"@type":"BreadcrumbList","@id":"https:\/\/apsm.gr\/de\/profil\/gesundheit-und-sicherheit-in-der-arbeit\/#breadcrumb","itemListElement":[{"@type":"ListItem","position":1,"name":"Home","item":"https:\/\/apsm.gr\/de\/"},{"@type":"ListItem","position":2,"name":"Profil","item":"https:\/\/apsm.gr\/de\/profil\/"},{"@type":"ListItem","position":3,"name":"GESUNDHEIT und SICHERHEIT in der ARBEIT"}]},{"@type":"WebSite","@id":"https:\/\/apsm.gr\/#website","url":"https:\/\/apsm.gr\/","name":"Apsm.gr","description":"Automation Products","potentialAction":[{"@type":"SearchAction","target":{"@type":"EntryPoint","urlTemplate":"https:\/\/apsm.gr\/?s={search_term_string}"},"query-input":{"@type":"PropertyValueSpecification","valueRequired":true,"valueName":"search_term_string"}}],"inLanguage":"de"}]}},"_links":{"self":[{"href":"https:\/\/apsm.gr\/de\/wp-json\/wp\/v2\/pages\/67444","targetHints":{"allow":["GET"]}}],"collection":[{"href":"https:\/\/apsm.gr\/de\/wp-json\/wp\/v2\/pages"}],"about":[{"href":"https:\/\/apsm.gr\/de\/wp-json\/wp\/v2\/types\/page"}],"author":[{"embeddable":true,"href":"https:\/\/apsm.gr\/de\/wp-json\/wp\/v2\/users\/16"}],"replies":[{"embeddable":true,"href":"https:\/\/apsm.gr\/de\/wp-json\/wp\/v2\/comments?post=67444"}],"version-history":[{"count":3,"href":"https:\/\/apsm.gr\/de\/wp-json\/wp\/v2\/pages\/67444\/revisions"}],"predecessor-version":[{"id":67448,"href":"https:\/\/apsm.gr\/de\/wp-json\/wp\/v2\/pages\/67444\/revisions\/67448"}],"up":[{"embeddable":true,"href":"https:\/\/apsm.gr\/de\/wp-json\/wp\/v2\/pages\/66929"}],"wp:attachment":[{"href":"https:\/\/apsm.gr\/de\/wp-json\/wp\/v2\/media?parent=67444"}],"curies":[{"name":"wp","href":"https:\/\/api.w.org\/{rel}","templated":true}]}}