{"id":66932,"date":"2017-03-13T14:30:49","date_gmt":"2017-03-13T14:30:49","guid":{"rendered":"http:\/\/apsm.gr\/i-eteria\/about-us\/"},"modified":"2017-06-21T15:58:04","modified_gmt":"2017-06-21T13:58:04","slug":"about-us","status":"publish","type":"page","link":"https:\/\/apsm.gr\/de\/profil\/about-us\/","title":{"rendered":"\u00dcber Uns"},"content":{"rendered":"<p>[vc_row type=&#8221;container&#8221; padding_top=&#8221;&#8221; padding_bottom=&#8221;&#8221;][vc_column][vc_row_inner][vc_column_inner][vc_gallery type=&#8221;image_grid&#8221; images=&#8221;66642&#8243; img_size=&#8221;900&#215;400&#8243; onclick=&#8221;&#8221; css_animation=&#8221;right-to-left&#8221;][vc_column_text]\u201cAP Supplies and Media LTD\u201d gr\u00fcndete sich 2010 und bet\u00e4tigt sich sowohl mit IT-Distribution als auch internationalen Gro\u00dfhandel von IT Ausstattung, IT Zubeh\u00f6r und Unterhaltungselektronik.<\/p>\n<p>APSM widmet den inl\u00e4ndischen und ausl\u00e4ndischen Kunden ihre Unterst\u00fctzung und Hilfsbereitschaft, indem sie ein vielf\u00e4ltiges &amp; innovatives Produkte-Portfolio denen zur Verf\u00fcgung stellt.<\/p>\n<p>Zwar erf\u00fcllen die tiefen Kenntnisse im IT Bereich auch die vorbildliche Politik in Verbindung mit den strategischen Partnerschaften die richtige Voraussetzungen f\u00fcr die Schaffung zugunsten der Kunden erfolgreicher Dienstleistungen. Zufriedenstellung &amp; Einsatzbereitschaft sind mehr als gew\u00e4hrleistet in Bezug auf die W\u00fcnsche &amp; Bed\u00fcrfnisse der Kunden.<\/p>\n<p>Unsere ausgebildeten Arbeitskr\u00e4fte bieten ein breites Spektrum an L\u00f6sungen, damit die Kunden effizient davon profitieren k\u00f6nnen und sich vom Wettbewerb &amp; gew\u00f6hnlichem Arbeitsrahmen differenzieren. Die gesammelte langj\u00e4hrige Erfahrung der Arbeitnehmer und \u201cknow-how\u201d ihrer F\u00fchrungskr\u00e4fte, sowie das Verst\u00e4ndnis f\u00fcr die anspruchsvollen Anfragen der Kunden , helfen uns dabei, den immer mehr verwandelten IT Markt im Griff zu haben.<\/p>\n<p>Durch unser flexibles Schema ist es durchaus garantiert, den Kunden alternative anzubieten wenn er sich vor einem Problem befindet. In der Praxis k\u00f6nnen wir eine entsprechende zuverl\u00e4ssige Alternative leisten, die ununterbrochen das reibungslose Arbeitsworkflow unterst\u00fctzt.<\/p>\n<p>Die Zielsetzungen der Firma sind sowohl die Schlie\u00dfung gr\u00f6\u00dferer &amp; st\u00e4rkere Zusammenarbeiten als auch die Rekrutierung anziehender Produkte in ihrer Palette. Die Automatisierung und die Modernisierung Ihres Betriebs sind von gro\u00dfer Beteutung f\u00fcr den Erfolg ihrer k\u00fcnftigen Entwicklungspl\u00e4ne.[\/vc_column_text][\/vc_column_inner][\/vc_row_inner][\/vc_column][\/vc_row][vc_row full_width=&#8221;stretch_row_content&#8221; content_placement=&#8221;bottom&#8221; type=&#8221;full_page_width_inner_container&#8221; padding_top=&#8221;&#8221; padding_bottom=&#8221;&#8221; css=&#8221;.vc_custom_1489587756210{background-color: #f5f5f5 !important;background-position: 0 0 !important;background-repeat: repeat !important;}&#8221;][vc_column][vc_tta_pageable no_fill_content_area=&#8221;1&#8243; autoplay=&#8221;2&#8243; active_section=&#8221;&#8221; pagination_color=&#8221;white&#8221; css_animation=&#8221;fadeInUp&#8221;][vc_tta_section title=&#8221;Section 1&#8243; tab_id=&#8221;1489502351458-1ac84cb7-37c2&#8243;][vc_custom_heading text=&#8221;Our moto ..&#8221; font_container=&#8221;tag:h4|text_align:center|color:%23160059&#8243; google_fonts=&#8221;font_family:Raleway%3A100%2C200%2C300%2Cregular%2C500%2C600%2C700%2C800%2C900|font_style:500%20bold%20regular%3A500%3Anormal&#8221; css_animation=&#8221;fadeInUp&#8221;][\/vc_tta_section][vc_tta_section title=&#8221;Section&#8221; tab_id=&#8221;1489502587187-f0dd01a0-b61e&#8221;][vc_custom_heading text=&#8221;\u00abPassion with Media &amp; Supplies Distribution\u00bb&#8221; font_container=&#8221;tag:h4|text_align:center|color:%23160059&#8243; google_fonts=&#8221;font_family:Raleway%3A100%2C200%2C300%2Cregular%2C500%2C600%2C700%2C800%2C900|font_style:500%20bold%20regular%3A500%3Anormal&#8221; css_animation=&#8221;fadeInUp&#8221;][\/vc_tta_section][\/vc_tta_pageable][\/vc_column][\/vc_row]<\/p>\n","protected":false},"excerpt":{"rendered":"<p>[vc_row type=&#8221;container&#8221; padding_top=&#8221;&#8221; padding_bottom=&#8221;&#8221;][vc_column][vc_row_inner][vc_column_inner][vc_gallery type=&#8221;image_grid&#8221; images=&#8221;66642&#8243; img_size=&#8221;900&#215;400&#8243; onclick=&#8221;&#8221; css_animation=&#8221;right-to-left&#8221;][vc_column_text]\u201cAP Supplies and Media LTD\u201d gr\u00fcndete sich 2010 und bet\u00e4tigt sich sowohl mit IT-Distribution als auch internationalen Gro\u00dfhandel von IT Ausstattung, IT Zubeh\u00f6r und Unterhaltungselektronik. APSM widmet den inl\u00e4ndischen und ausl\u00e4ndischen Kunden ihre Unterst\u00fctzung und Hilfsbereitschaft, indem sie ein vielf\u00e4ltiges &amp; innovatives Produkte-Portfolio denen zur Verf\u00fcgung stellt. [&hellip;]<\/p>\n","protected":false},"author":3,"featured_media":0,"parent":66929,"menu_order":1,"comment_status":"closed","ping_status":"closed","template":"","meta":{"_acf_changed":false,"footnotes":""},"class_list":["post-66932","page","type-page","status-publish","hentry"],"acf":[],"yoast_head":"<!-- This site is optimized with the Yoast SEO plugin v26.5 - https:\/\/yoast.com\/wordpress\/plugins\/seo\/ -->\n<title>\u00dcber Uns - Apsm.gr<\/title>\n<meta name=\"robots\" content=\"index, follow, max-snippet:-1, max-image-preview:large, max-video-preview:-1\" \/>\n<link rel=\"canonical\" href=\"https:\/\/apsm.gr\/de\/profil\/about-us\/\" \/>\n<meta property=\"og:locale\" content=\"de_DE\" \/>\n<meta property=\"og:type\" content=\"article\" \/>\n<meta property=\"og:title\" content=\"\u00dcber Uns - Apsm.gr\" \/>\n<meta property=\"og:description\" content=\"[vc_row type=&#8221;container&#8221; padding_top=&#8221;&#8221; padding_bottom=&#8221;&#8221;][vc_column][vc_row_inner][vc_column_inner][vc_gallery type=&#8221;image_grid&#8221; images=&#8221;66642&#8243; img_size=&#8221;900&#215;400&#8243; onclick=&#8221;&#8221; css_animation=&#8221;right-to-left&#8221;][vc_column_text]\u201cAP Supplies and Media LTD\u201d gr\u00fcndete sich 2010 und bet\u00e4tigt sich sowohl mit IT-Distribution als auch internationalen Gro\u00dfhandel von IT Ausstattung, IT Zubeh\u00f6r und Unterhaltungselektronik. APSM widmet den inl\u00e4ndischen und ausl\u00e4ndischen Kunden ihre Unterst\u00fctzung und Hilfsbereitschaft, indem sie ein vielf\u00e4ltiges &amp; innovatives Produkte-Portfolio denen zur Verf\u00fcgung stellt. [&hellip;]\" \/>\n<meta property=\"og:url\" content=\"https:\/\/apsm.gr\/de\/profil\/about-us\/\" \/>\n<meta property=\"og:site_name\" content=\"Apsm.gr\" \/>\n<meta property=\"article:modified_time\" content=\"2017-06-21T13:58:04+00:00\" \/>\n<meta name=\"twitter:card\" content=\"summary_large_image\" \/>\n<meta name=\"twitter:label1\" content=\"Gesch\u00e4tzte Lesezeit\" \/>\n\t<meta name=\"twitter:data1\" content=\"2\u00a0Minuten\" \/>\n<script type=\"application\/ld+json\" class=\"yoast-schema-graph\">{\"@context\":\"https:\/\/schema.org\",\"@graph\":[{\"@type\":\"WebPage\",\"@id\":\"https:\/\/apsm.gr\/de\/profil\/about-us\/\",\"url\":\"https:\/\/apsm.gr\/de\/profil\/about-us\/\",\"name\":\"\u00dcber Uns - Apsm.gr\",\"isPartOf\":{\"@id\":\"https:\/\/apsm.gr\/#website\"},\"datePublished\":\"2017-03-13T14:30:49+00:00\",\"dateModified\":\"2017-06-21T13:58:04+00:00\",\"breadcrumb\":{\"@id\":\"https:\/\/apsm.gr\/de\/profil\/about-us\/#breadcrumb\"},\"inLanguage\":\"de\",\"potentialAction\":[{\"@type\":\"ReadAction\",\"target\":[\"https:\/\/apsm.gr\/de\/profil\/about-us\/\"]}]},{\"@type\":\"BreadcrumbList\",\"@id\":\"https:\/\/apsm.gr\/de\/profil\/about-us\/#breadcrumb\",\"itemListElement\":[{\"@type\":\"ListItem\",\"position\":1,\"name\":\"Home\",\"item\":\"https:\/\/apsm.gr\/de\/\"},{\"@type\":\"ListItem\",\"position\":2,\"name\":\"Profil\",\"item\":\"https:\/\/apsm.gr\/de\/profil\/\"},{\"@type\":\"ListItem\",\"position\":3,\"name\":\"\u00dcber Uns\"}]},{\"@type\":\"WebSite\",\"@id\":\"https:\/\/apsm.gr\/#website\",\"url\":\"https:\/\/apsm.gr\/\",\"name\":\"Apsm.gr\",\"description\":\"Automation Products\",\"potentialAction\":[{\"@type\":\"SearchAction\",\"target\":{\"@type\":\"EntryPoint\",\"urlTemplate\":\"https:\/\/apsm.gr\/?s={search_term_string}\"},\"query-input\":{\"@type\":\"PropertyValueSpecification\",\"valueRequired\":true,\"valueName\":\"search_term_string\"}}],\"inLanguage\":\"de\"}]}<\/script>\n<!-- \/ Yoast SEO plugin. -->","yoast_head_json":{"title":"\u00dcber Uns - Apsm.gr","robots":{"index":"index","follow":"follow","max-snippet":"max-snippet:-1","max-image-preview":"max-image-preview:large","max-video-preview":"max-video-preview:-1"},"canonical":"https:\/\/apsm.gr\/de\/profil\/about-us\/","og_locale":"de_DE","og_type":"article","og_title":"\u00dcber Uns - Apsm.gr","og_description":"[vc_row type=&#8221;container&#8221; padding_top=&#8221;&#8221; padding_bottom=&#8221;&#8221;][vc_column][vc_row_inner][vc_column_inner][vc_gallery type=&#8221;image_grid&#8221; images=&#8221;66642&#8243; img_size=&#8221;900&#215;400&#8243; onclick=&#8221;&#8221; css_animation=&#8221;right-to-left&#8221;][vc_column_text]\u201cAP Supplies and Media LTD\u201d gr\u00fcndete sich 2010 und bet\u00e4tigt sich sowohl mit IT-Distribution als auch internationalen Gro\u00dfhandel von IT Ausstattung, IT Zubeh\u00f6r und Unterhaltungselektronik. APSM widmet den inl\u00e4ndischen und ausl\u00e4ndischen Kunden ihre Unterst\u00fctzung und Hilfsbereitschaft, indem sie ein vielf\u00e4ltiges &amp; innovatives Produkte-Portfolio denen zur Verf\u00fcgung stellt. [&hellip;]","og_url":"https:\/\/apsm.gr\/de\/profil\/about-us\/","og_site_name":"Apsm.gr","article_modified_time":"2017-06-21T13:58:04+00:00","twitter_card":"summary_large_image","twitter_misc":{"Gesch\u00e4tzte Lesezeit":"2\u00a0Minuten"},"schema":{"@context":"https:\/\/schema.org","@graph":[{"@type":"WebPage","@id":"https:\/\/apsm.gr\/de\/profil\/about-us\/","url":"https:\/\/apsm.gr\/de\/profil\/about-us\/","name":"\u00dcber Uns - Apsm.gr","isPartOf":{"@id":"https:\/\/apsm.gr\/#website"},"datePublished":"2017-03-13T14:30:49+00:00","dateModified":"2017-06-21T13:58:04+00:00","breadcrumb":{"@id":"https:\/\/apsm.gr\/de\/profil\/about-us\/#breadcrumb"},"inLanguage":"de","potentialAction":[{"@type":"ReadAction","target":["https:\/\/apsm.gr\/de\/profil\/about-us\/"]}]},{"@type":"BreadcrumbList","@id":"https:\/\/apsm.gr\/de\/profil\/about-us\/#breadcrumb","itemListElement":[{"@type":"ListItem","position":1,"name":"Home","item":"https:\/\/apsm.gr\/de\/"},{"@type":"ListItem","position":2,"name":"Profil","item":"https:\/\/apsm.gr\/de\/profil\/"},{"@type":"ListItem","position":3,"name":"\u00dcber Uns"}]},{"@type":"WebSite","@id":"https:\/\/apsm.gr\/#website","url":"https:\/\/apsm.gr\/","name":"Apsm.gr","description":"Automation Products","potentialAction":[{"@type":"SearchAction","target":{"@type":"EntryPoint","urlTemplate":"https:\/\/apsm.gr\/?s={search_term_string}"},"query-input":{"@type":"PropertyValueSpecification","valueRequired":true,"valueName":"search_term_string"}}],"inLanguage":"de"}]}},"_links":{"self":[{"href":"https:\/\/apsm.gr\/de\/wp-json\/wp\/v2\/pages\/66932","targetHints":{"allow":["GET"]}}],"collection":[{"href":"https:\/\/apsm.gr\/de\/wp-json\/wp\/v2\/pages"}],"about":[{"href":"https:\/\/apsm.gr\/de\/wp-json\/wp\/v2\/types\/page"}],"author":[{"embeddable":true,"href":"https:\/\/apsm.gr\/de\/wp-json\/wp\/v2\/users\/3"}],"replies":[{"embeddable":true,"href":"https:\/\/apsm.gr\/de\/wp-json\/wp\/v2\/comments?post=66932"}],"version-history":[{"count":5,"href":"https:\/\/apsm.gr\/de\/wp-json\/wp\/v2\/pages\/66932\/revisions"}],"predecessor-version":[{"id":67203,"href":"https:\/\/apsm.gr\/de\/wp-json\/wp\/v2\/pages\/66932\/revisions\/67203"}],"up":[{"embeddable":true,"href":"https:\/\/apsm.gr\/de\/wp-json\/wp\/v2\/pages\/66929"}],"wp:attachment":[{"href":"https:\/\/apsm.gr\/de\/wp-json\/wp\/v2\/media?parent=66932"}],"curies":[{"name":"wp","href":"https:\/\/api.w.org\/{rel}","templated":true}]}}