{"id":66925,"date":"2017-03-13T14:31:45","date_gmt":"2017-03-13T14:31:45","guid":{"rendered":"http:\/\/apsm.gr\/corporate-responsibility\/"},"modified":"2017-04-20T13:44:45","modified_gmt":"2017-04-20T13:44:45","slug":"corporate-responsibility","status":"publish","type":"page","link":"https:\/\/apsm.gr\/de\/profil\/corporate-responsibility\/","title":{"rendered":"Gesch\u00e4ftliche Verantwortung"},"content":{"rendered":"<p>[vc_row type=&#8221;container&#8221; padding_top=&#8221;&#8221; padding_bottom=&#8221;&#8221;][vc_column][vc_row_inner][vc_column_inner][vc_gallery type=&#8221;image_grid&#8221; images=&#8221;66870&#8243; img_size=&#8221;900&#215;400&#8243; onclick=&#8221;&#8221; css_animation=&#8221;right-to-left&#8221;][\/vc_column_inner][\/vc_row_inner][vc_column_text]<\/p>\n<div class=\"entry-content\">\n<h3>Gesch\u00e4ftliche Verantwortung<\/h3>\n<p>Mit tiefer Einsicht zeigt APSM soziales Engagement den Bed\u00fcrfnissen der lokalen Gesellschaft gegen\u00fcber und setzt sich ein mit F\u00fcrsorge und Verst\u00e4ndnis.<\/p>\n<p>Die Anerkennung der Einzigartigkeit jeder Person und deren Chancengleichheit bilden einen untrennbaren Teil der Philosophie von APSM. Deshalb gestaltet und realisiert sie eine Reihe von sozialen Aktionen im Bereich der Bildung, wissenschaftlicher Studien, Gesundheit und Kultur, w\u00e4hrend sie Nachdruck auf den Wohlstand der Kinder gibt. Gesch\u00e4ftliche Praktiken beruhen auf Integrit\u00e4t, Klarheit und extra Belohnung f\u00fcr die Arbeitskr\u00e4fte, die sich besonders hierf\u00fcr engagiert zeigen.<\/p>\n<h3><\/h3>\n<\/div>\n<p>[\/vc_column_text][\/vc_column][\/vc_row]<\/p>\n","protected":false},"excerpt":{"rendered":"<p>[vc_row type=&#8221;container&#8221; padding_top=&#8221;&#8221; padding_bottom=&#8221;&#8221;][vc_column][vc_row_inner][vc_column_inner][vc_gallery type=&#8221;image_grid&#8221; images=&#8221;66870&#8243; img_size=&#8221;900&#215;400&#8243; onclick=&#8221;&#8221; css_animation=&#8221;right-to-left&#8221;][\/vc_column_inner][\/vc_row_inner][vc_column_text] Gesch\u00e4ftliche Verantwortung Mit tiefer Einsicht zeigt APSM soziales Engagement den Bed\u00fcrfnissen der lokalen Gesellschaft gegen\u00fcber und setzt sich ein mit F\u00fcrsorge und Verst\u00e4ndnis. Die Anerkennung der Einzigartigkeit jeder Person und deren Chancengleichheit bilden einen untrennbaren Teil der Philosophie von APSM. Deshalb gestaltet und realisiert sie eine [&hellip;]<\/p>\n","protected":false},"author":3,"featured_media":0,"parent":66929,"menu_order":2,"comment_status":"closed","ping_status":"closed","template":"","meta":{"_acf_changed":false,"footnotes":""},"class_list":["post-66925","page","type-page","status-publish","hentry"],"acf":[],"yoast_head":"<!-- This site is optimized with the Yoast SEO plugin v26.5 - https:\/\/yoast.com\/wordpress\/plugins\/seo\/ -->\n<title>Gesch\u00e4ftliche Verantwortung - Apsm.gr<\/title>\n<meta name=\"robots\" content=\"index, follow, max-snippet:-1, max-image-preview:large, max-video-preview:-1\" \/>\n<link rel=\"canonical\" href=\"https:\/\/apsm.gr\/de\/profil\/corporate-responsibility\/\" \/>\n<meta property=\"og:locale\" content=\"de_DE\" \/>\n<meta property=\"og:type\" content=\"article\" \/>\n<meta property=\"og:title\" content=\"Gesch\u00e4ftliche Verantwortung - Apsm.gr\" \/>\n<meta property=\"og:description\" content=\"[vc_row type=&#8221;container&#8221; padding_top=&#8221;&#8221; padding_bottom=&#8221;&#8221;][vc_column][vc_row_inner][vc_column_inner][vc_gallery type=&#8221;image_grid&#8221; images=&#8221;66870&#8243; img_size=&#8221;900&#215;400&#8243; onclick=&#8221;&#8221; css_animation=&#8221;right-to-left&#8221;][\/vc_column_inner][\/vc_row_inner][vc_column_text] Gesch\u00e4ftliche Verantwortung Mit tiefer Einsicht zeigt APSM soziales Engagement den Bed\u00fcrfnissen der lokalen Gesellschaft gegen\u00fcber und setzt sich ein mit F\u00fcrsorge und Verst\u00e4ndnis. Die Anerkennung der Einzigartigkeit jeder Person und deren Chancengleichheit bilden einen untrennbaren Teil der Philosophie von APSM. Deshalb gestaltet und realisiert sie eine [&hellip;]\" \/>\n<meta property=\"og:url\" content=\"https:\/\/apsm.gr\/de\/profil\/corporate-responsibility\/\" \/>\n<meta property=\"og:site_name\" content=\"Apsm.gr\" \/>\n<meta property=\"article:modified_time\" content=\"2017-04-20T13:44:45+00:00\" \/>\n<meta name=\"twitter:card\" content=\"summary_large_image\" \/>\n<meta name=\"twitter:label1\" content=\"Gesch\u00e4tzte Lesezeit\" \/>\n\t<meta name=\"twitter:data1\" content=\"1\u00a0Minute\" \/>\n<script type=\"application\/ld+json\" class=\"yoast-schema-graph\">{\"@context\":\"https:\/\/schema.org\",\"@graph\":[{\"@type\":\"WebPage\",\"@id\":\"https:\/\/apsm.gr\/de\/profil\/corporate-responsibility\/\",\"url\":\"https:\/\/apsm.gr\/de\/profil\/corporate-responsibility\/\",\"name\":\"Gesch\u00e4ftliche Verantwortung - Apsm.gr\",\"isPartOf\":{\"@id\":\"https:\/\/apsm.gr\/#website\"},\"datePublished\":\"2017-03-13T14:31:45+00:00\",\"dateModified\":\"2017-04-20T13:44:45+00:00\",\"breadcrumb\":{\"@id\":\"https:\/\/apsm.gr\/de\/profil\/corporate-responsibility\/#breadcrumb\"},\"inLanguage\":\"de\",\"potentialAction\":[{\"@type\":\"ReadAction\",\"target\":[\"https:\/\/apsm.gr\/de\/profil\/corporate-responsibility\/\"]}]},{\"@type\":\"BreadcrumbList\",\"@id\":\"https:\/\/apsm.gr\/de\/profil\/corporate-responsibility\/#breadcrumb\",\"itemListElement\":[{\"@type\":\"ListItem\",\"position\":1,\"name\":\"Home\",\"item\":\"https:\/\/apsm.gr\/de\/\"},{\"@type\":\"ListItem\",\"position\":2,\"name\":\"Profil\",\"item\":\"https:\/\/apsm.gr\/de\/profil\/\"},{\"@type\":\"ListItem\",\"position\":3,\"name\":\"Gesch\u00e4ftliche Verantwortung\"}]},{\"@type\":\"WebSite\",\"@id\":\"https:\/\/apsm.gr\/#website\",\"url\":\"https:\/\/apsm.gr\/\",\"name\":\"Apsm.gr\",\"description\":\"Automation Products\",\"potentialAction\":[{\"@type\":\"SearchAction\",\"target\":{\"@type\":\"EntryPoint\",\"urlTemplate\":\"https:\/\/apsm.gr\/?s={search_term_string}\"},\"query-input\":{\"@type\":\"PropertyValueSpecification\",\"valueRequired\":true,\"valueName\":\"search_term_string\"}}],\"inLanguage\":\"de\"}]}<\/script>\n<!-- \/ Yoast SEO plugin. -->","yoast_head_json":{"title":"Gesch\u00e4ftliche Verantwortung - Apsm.gr","robots":{"index":"index","follow":"follow","max-snippet":"max-snippet:-1","max-image-preview":"max-image-preview:large","max-video-preview":"max-video-preview:-1"},"canonical":"https:\/\/apsm.gr\/de\/profil\/corporate-responsibility\/","og_locale":"de_DE","og_type":"article","og_title":"Gesch\u00e4ftliche Verantwortung - Apsm.gr","og_description":"[vc_row type=&#8221;container&#8221; padding_top=&#8221;&#8221; padding_bottom=&#8221;&#8221;][vc_column][vc_row_inner][vc_column_inner][vc_gallery type=&#8221;image_grid&#8221; images=&#8221;66870&#8243; img_size=&#8221;900&#215;400&#8243; onclick=&#8221;&#8221; css_animation=&#8221;right-to-left&#8221;][\/vc_column_inner][\/vc_row_inner][vc_column_text] Gesch\u00e4ftliche Verantwortung Mit tiefer Einsicht zeigt APSM soziales Engagement den Bed\u00fcrfnissen der lokalen Gesellschaft gegen\u00fcber und setzt sich ein mit F\u00fcrsorge und Verst\u00e4ndnis. Die Anerkennung der Einzigartigkeit jeder Person und deren Chancengleichheit bilden einen untrennbaren Teil der Philosophie von APSM. Deshalb gestaltet und realisiert sie eine [&hellip;]","og_url":"https:\/\/apsm.gr\/de\/profil\/corporate-responsibility\/","og_site_name":"Apsm.gr","article_modified_time":"2017-04-20T13:44:45+00:00","twitter_card":"summary_large_image","twitter_misc":{"Gesch\u00e4tzte Lesezeit":"1\u00a0Minute"},"schema":{"@context":"https:\/\/schema.org","@graph":[{"@type":"WebPage","@id":"https:\/\/apsm.gr\/de\/profil\/corporate-responsibility\/","url":"https:\/\/apsm.gr\/de\/profil\/corporate-responsibility\/","name":"Gesch\u00e4ftliche Verantwortung - Apsm.gr","isPartOf":{"@id":"https:\/\/apsm.gr\/#website"},"datePublished":"2017-03-13T14:31:45+00:00","dateModified":"2017-04-20T13:44:45+00:00","breadcrumb":{"@id":"https:\/\/apsm.gr\/de\/profil\/corporate-responsibility\/#breadcrumb"},"inLanguage":"de","potentialAction":[{"@type":"ReadAction","target":["https:\/\/apsm.gr\/de\/profil\/corporate-responsibility\/"]}]},{"@type":"BreadcrumbList","@id":"https:\/\/apsm.gr\/de\/profil\/corporate-responsibility\/#breadcrumb","itemListElement":[{"@type":"ListItem","position":1,"name":"Home","item":"https:\/\/apsm.gr\/de\/"},{"@type":"ListItem","position":2,"name":"Profil","item":"https:\/\/apsm.gr\/de\/profil\/"},{"@type":"ListItem","position":3,"name":"Gesch\u00e4ftliche Verantwortung"}]},{"@type":"WebSite","@id":"https:\/\/apsm.gr\/#website","url":"https:\/\/apsm.gr\/","name":"Apsm.gr","description":"Automation Products","potentialAction":[{"@type":"SearchAction","target":{"@type":"EntryPoint","urlTemplate":"https:\/\/apsm.gr\/?s={search_term_string}"},"query-input":{"@type":"PropertyValueSpecification","valueRequired":true,"valueName":"search_term_string"}}],"inLanguage":"de"}]}},"_links":{"self":[{"href":"https:\/\/apsm.gr\/de\/wp-json\/wp\/v2\/pages\/66925","targetHints":{"allow":["GET"]}}],"collection":[{"href":"https:\/\/apsm.gr\/de\/wp-json\/wp\/v2\/pages"}],"about":[{"href":"https:\/\/apsm.gr\/de\/wp-json\/wp\/v2\/types\/page"}],"author":[{"embeddable":true,"href":"https:\/\/apsm.gr\/de\/wp-json\/wp\/v2\/users\/3"}],"replies":[{"embeddable":true,"href":"https:\/\/apsm.gr\/de\/wp-json\/wp\/v2\/comments?post=66925"}],"version-history":[{"count":2,"href":"https:\/\/apsm.gr\/de\/wp-json\/wp\/v2\/pages\/66925\/revisions"}],"predecessor-version":[{"id":66927,"href":"https:\/\/apsm.gr\/de\/wp-json\/wp\/v2\/pages\/66925\/revisions\/66927"}],"up":[{"embeddable":true,"href":"https:\/\/apsm.gr\/de\/wp-json\/wp\/v2\/pages\/66929"}],"wp:attachment":[{"href":"https:\/\/apsm.gr\/de\/wp-json\/wp\/v2\/media?parent=66925"}],"curies":[{"name":"wp","href":"https:\/\/api.w.org\/{rel}","templated":true}]}}