{"id":66922,"date":"2017-03-14T12:59:33","date_gmt":"2017-03-14T12:59:33","guid":{"rendered":"http:\/\/apsm.gr\/products\/warranty-rmas\/"},"modified":"2017-04-20T13:45:26","modified_gmt":"2017-04-20T13:45:26","slug":"warranty-rmas","status":"publish","type":"page","link":"http:\/\/apsm.gr\/de\/products\/warranty-rmas\/","title":{"rendered":"Garantie &#038; RMAs"},"content":{"rendered":"<p>[vc_row type=&#8221;container&#8221; padding_top=&#8221;&#8221; padding_bottom=&#8221;&#8221;][vc_column][vc_row_inner][vc_column_inner][vc_gallery type=&#8221;image_grid&#8221; images=&#8221;66695&#8243; img_size=&#8221;900&#215;250&#8243; onclick=&#8221;&#8221; css_animation=&#8221;right-to-left&#8221;][vc_column_text]Alle Produkte tragen die gesetzliche Gew\u00e4hrleistung des entsprechenden Herstellers. Jedes besch\u00e4digte Produkt wird, laut der RMA Bestimmungen &amp; Anweisungen des Herstellers, entweder ersetzt oder gutgeschrieben. Sofern nicht anders verordnet, gehen Sie folgende Schritte nach:<\/p>\n<p>\u2022 Ausf\u00fcllen des RMA Formulars (verf\u00fcgbar im DOWNLOAD)<br \/>\n\u2022 Lizenz nach Inspektion von APSM (Erstellung von RMA-Nummer)<br \/>\n\u2022 R\u00fccksendung des defekten Artikels zur APSM RMA \u2013Abteilung<\/p>\n<p>Die von APSM durchzuf\u00fchrenden Bearbeitungsschritte zur Erledigung des Supports:<\/p>\n<p>\u2022 Warenr\u00fccksendung an die entsprechende RMA-Abteilung des Lieferanten<br \/>\n\u2022 Entweder Empfang des Ersatzteiles oder Gutschrift-Erstellung vom Lieferanten<br \/>\n\u2022 Jeglicher Fortschritt der Bearbeitung wird dem Kunden vermittelt<\/p>\n<p>Die Bearbeitungszeit verl\u00e4uft \u00fcber 15 Tagen bis zu einem Monat.<\/p>\n<p>In dringenden F\u00e4llen, die Flexibilit\u00e4t und Eile bed\u00fcrfen, wird diesem, je nach RMA-Ticket, Vorrang gegeben und die geeignete L\u00f6sung gefunden, die besonderen Bed\u00fcrfnisse jedes einzelnen Kunden immer ber\u00fccksichtigend.[\/vc_column_text][\/vc_column_inner][\/vc_row_inner][\/vc_column][\/vc_row]<\/p>\n","protected":false},"excerpt":{"rendered":"<p>[vc_row type=&#8221;container&#8221; padding_top=&#8221;&#8221; padding_bottom=&#8221;&#8221;][vc_column][vc_row_inner][vc_column_inner][vc_gallery type=&#8221;image_grid&#8221; images=&#8221;66695&#8243; img_size=&#8221;900&#215;250&#8243; onclick=&#8221;&#8221; css_animation=&#8221;right-to-left&#8221;][vc_column_text]Alle Produkte tragen die gesetzliche Gew\u00e4hrleistung des entsprechenden Herstellers. Jedes besch\u00e4digte Produkt wird, laut der RMA Bestimmungen &amp; Anweisungen des Herstellers, entweder ersetzt oder gutgeschrieben. Sofern nicht anders verordnet, gehen Sie folgende Schritte nach: \u2022 Ausf\u00fcllen des RMA Formulars (verf\u00fcgbar im DOWNLOAD) \u2022 Lizenz nach Inspektion von [&hellip;]<\/p>\n","protected":false},"author":3,"featured_media":0,"parent":66907,"menu_order":7,"comment_status":"closed","ping_status":"closed","template":"","meta":{"_acf_changed":false,"footnotes":""},"class_list":["post-66922","page","type-page","status-publish","hentry"],"acf":[],"yoast_head":"<!-- This site is optimized with the Yoast SEO plugin v26.5 - https:\/\/yoast.com\/wordpress\/plugins\/seo\/ -->\n<title>Garantie &amp; RMAs - Apsm.gr<\/title>\n<meta name=\"robots\" content=\"index, follow, max-snippet:-1, max-image-preview:large, max-video-preview:-1\" \/>\n<link rel=\"canonical\" href=\"https:\/\/apsm.gr\/de\/products\/warranty-rmas\/\" \/>\n<meta property=\"og:locale\" content=\"de_DE\" \/>\n<meta property=\"og:type\" content=\"article\" \/>\n<meta property=\"og:title\" content=\"Garantie &amp; RMAs - Apsm.gr\" \/>\n<meta property=\"og:description\" content=\"[vc_row type=&#8221;container&#8221; padding_top=&#8221;&#8221; padding_bottom=&#8221;&#8221;][vc_column][vc_row_inner][vc_column_inner][vc_gallery type=&#8221;image_grid&#8221; images=&#8221;66695&#8243; img_size=&#8221;900&#215;250&#8243; onclick=&#8221;&#8221; css_animation=&#8221;right-to-left&#8221;][vc_column_text]Alle Produkte tragen die gesetzliche Gew\u00e4hrleistung des entsprechenden Herstellers. Jedes besch\u00e4digte Produkt wird, laut der RMA Bestimmungen &amp; Anweisungen des Herstellers, entweder ersetzt oder gutgeschrieben. Sofern nicht anders verordnet, gehen Sie folgende Schritte nach: \u2022 Ausf\u00fcllen des RMA Formulars (verf\u00fcgbar im DOWNLOAD) \u2022 Lizenz nach Inspektion von [&hellip;]\" \/>\n<meta property=\"og:url\" content=\"https:\/\/apsm.gr\/de\/products\/warranty-rmas\/\" \/>\n<meta property=\"og:site_name\" content=\"Apsm.gr\" \/>\n<meta property=\"article:modified_time\" content=\"2017-04-20T13:45:26+00:00\" \/>\n<meta name=\"twitter:card\" content=\"summary_large_image\" \/>\n<meta name=\"twitter:label1\" content=\"Gesch\u00e4tzte Lesezeit\" \/>\n\t<meta name=\"twitter:data1\" content=\"1\u00a0Minute\" \/>\n<script type=\"application\/ld+json\" class=\"yoast-schema-graph\">{\"@context\":\"https:\/\/schema.org\",\"@graph\":[{\"@type\":\"WebPage\",\"@id\":\"https:\/\/apsm.gr\/de\/products\/warranty-rmas\/\",\"url\":\"https:\/\/apsm.gr\/de\/products\/warranty-rmas\/\",\"name\":\"Garantie & RMAs - Apsm.gr\",\"isPartOf\":{\"@id\":\"https:\/\/apsm.gr\/#website\"},\"datePublished\":\"2017-03-14T12:59:33+00:00\",\"dateModified\":\"2017-04-20T13:45:26+00:00\",\"breadcrumb\":{\"@id\":\"https:\/\/apsm.gr\/de\/products\/warranty-rmas\/#breadcrumb\"},\"inLanguage\":\"de\",\"potentialAction\":[{\"@type\":\"ReadAction\",\"target\":[\"https:\/\/apsm.gr\/de\/products\/warranty-rmas\/\"]}]},{\"@type\":\"BreadcrumbList\",\"@id\":\"https:\/\/apsm.gr\/de\/products\/warranty-rmas\/#breadcrumb\",\"itemListElement\":[{\"@type\":\"ListItem\",\"position\":1,\"name\":\"Home\",\"item\":\"https:\/\/apsm.gr\/de\/\"},{\"@type\":\"ListItem\",\"position\":2,\"name\":\"PRODUKTE\",\"item\":\"https:\/\/apsm.gr\/de\/products\/\"},{\"@type\":\"ListItem\",\"position\":3,\"name\":\"Garantie &#038; RMAs\"}]},{\"@type\":\"WebSite\",\"@id\":\"https:\/\/apsm.gr\/#website\",\"url\":\"https:\/\/apsm.gr\/\",\"name\":\"Apsm.gr\",\"description\":\"Automation Products\",\"potentialAction\":[{\"@type\":\"SearchAction\",\"target\":{\"@type\":\"EntryPoint\",\"urlTemplate\":\"https:\/\/apsm.gr\/?s={search_term_string}\"},\"query-input\":{\"@type\":\"PropertyValueSpecification\",\"valueRequired\":true,\"valueName\":\"search_term_string\"}}],\"inLanguage\":\"de\"}]}<\/script>\n<!-- \/ Yoast SEO plugin. -->","yoast_head_json":{"title":"Garantie & RMAs - Apsm.gr","robots":{"index":"index","follow":"follow","max-snippet":"max-snippet:-1","max-image-preview":"max-image-preview:large","max-video-preview":"max-video-preview:-1"},"canonical":"https:\/\/apsm.gr\/de\/products\/warranty-rmas\/","og_locale":"de_DE","og_type":"article","og_title":"Garantie & RMAs - Apsm.gr","og_description":"[vc_row type=&#8221;container&#8221; padding_top=&#8221;&#8221; padding_bottom=&#8221;&#8221;][vc_column][vc_row_inner][vc_column_inner][vc_gallery type=&#8221;image_grid&#8221; images=&#8221;66695&#8243; img_size=&#8221;900&#215;250&#8243; onclick=&#8221;&#8221; css_animation=&#8221;right-to-left&#8221;][vc_column_text]Alle Produkte tragen die gesetzliche Gew\u00e4hrleistung des entsprechenden Herstellers. Jedes besch\u00e4digte Produkt wird, laut der RMA Bestimmungen &amp; Anweisungen des Herstellers, entweder ersetzt oder gutgeschrieben. Sofern nicht anders verordnet, gehen Sie folgende Schritte nach: \u2022 Ausf\u00fcllen des RMA Formulars (verf\u00fcgbar im DOWNLOAD) \u2022 Lizenz nach Inspektion von [&hellip;]","og_url":"https:\/\/apsm.gr\/de\/products\/warranty-rmas\/","og_site_name":"Apsm.gr","article_modified_time":"2017-04-20T13:45:26+00:00","twitter_card":"summary_large_image","twitter_misc":{"Gesch\u00e4tzte Lesezeit":"1\u00a0Minute"},"schema":{"@context":"https:\/\/schema.org","@graph":[{"@type":"WebPage","@id":"https:\/\/apsm.gr\/de\/products\/warranty-rmas\/","url":"https:\/\/apsm.gr\/de\/products\/warranty-rmas\/","name":"Garantie & RMAs - Apsm.gr","isPartOf":{"@id":"https:\/\/apsm.gr\/#website"},"datePublished":"2017-03-14T12:59:33+00:00","dateModified":"2017-04-20T13:45:26+00:00","breadcrumb":{"@id":"https:\/\/apsm.gr\/de\/products\/warranty-rmas\/#breadcrumb"},"inLanguage":"de","potentialAction":[{"@type":"ReadAction","target":["https:\/\/apsm.gr\/de\/products\/warranty-rmas\/"]}]},{"@type":"BreadcrumbList","@id":"https:\/\/apsm.gr\/de\/products\/warranty-rmas\/#breadcrumb","itemListElement":[{"@type":"ListItem","position":1,"name":"Home","item":"https:\/\/apsm.gr\/de\/"},{"@type":"ListItem","position":2,"name":"PRODUKTE","item":"https:\/\/apsm.gr\/de\/products\/"},{"@type":"ListItem","position":3,"name":"Garantie &#038; RMAs"}]},{"@type":"WebSite","@id":"https:\/\/apsm.gr\/#website","url":"https:\/\/apsm.gr\/","name":"Apsm.gr","description":"Automation Products","potentialAction":[{"@type":"SearchAction","target":{"@type":"EntryPoint","urlTemplate":"https:\/\/apsm.gr\/?s={search_term_string}"},"query-input":{"@type":"PropertyValueSpecification","valueRequired":true,"valueName":"search_term_string"}}],"inLanguage":"de"}]}},"_links":{"self":[{"href":"http:\/\/apsm.gr\/de\/wp-json\/wp\/v2\/pages\/66922","targetHints":{"allow":["GET"]}}],"collection":[{"href":"http:\/\/apsm.gr\/de\/wp-json\/wp\/v2\/pages"}],"about":[{"href":"http:\/\/apsm.gr\/de\/wp-json\/wp\/v2\/types\/page"}],"author":[{"embeddable":true,"href":"http:\/\/apsm.gr\/de\/wp-json\/wp\/v2\/users\/3"}],"replies":[{"embeddable":true,"href":"http:\/\/apsm.gr\/de\/wp-json\/wp\/v2\/comments?post=66922"}],"version-history":[{"count":3,"href":"http:\/\/apsm.gr\/de\/wp-json\/wp\/v2\/pages\/66922\/revisions"}],"predecessor-version":[{"id":66928,"href":"http:\/\/apsm.gr\/de\/wp-json\/wp\/v2\/pages\/66922\/revisions\/66928"}],"up":[{"embeddable":true,"href":"http:\/\/apsm.gr\/de\/wp-json\/wp\/v2\/pages\/66907"}],"wp:attachment":[{"href":"http:\/\/apsm.gr\/de\/wp-json\/wp\/v2\/media?parent=66922"}],"curies":[{"name":"wp","href":"https:\/\/api.w.org\/{rel}","templated":true}]}}