{"id":66910,"date":"2017-03-13T13:21:44","date_gmt":"2017-03-13T13:21:44","guid":{"rendered":"http:\/\/apsm.gr\/products\/consumer-electronics\/"},"modified":"2017-04-20T12:56:55","modified_gmt":"2017-04-20T12:56:55","slug":"consumer-electronics","status":"publish","type":"page","link":"http:\/\/apsm.gr\/de\/products\/consumer-electronics\/","title":{"rendered":"Unterhaltungselektronik"},"content":{"rendered":"<p>[vc_row type=&#8221;container&#8221; padding_top=&#8221;&#8221; padding_bottom=&#8221;&#8221; css=&#8221;.vc_custom_1489413110533{margin-top: 0px !important;}&#8221;][vc_column][vc_row_inner css=&#8221;.vc_custom_1489413941368{padding-right: 0px !important;padding-left: 0px !important;}&#8221;][vc_column_inner width=&#8221;1\/2&#8243;][vc_column_text]<strong>Kategorie:<\/strong><\/p>\n<ul>\n<li>TVs &amp; Zubeh\u00f6r<\/li>\n<li>Drohne &amp; Zubeh\u00f6r<\/li>\n<li>Smartphone<\/li>\n<li>Handys &amp; Zubeh\u00f6r<\/li>\n<li>Wearbles<\/li>\n<li>Kopfh\u00f6rer<\/li>\n<li>Lautsprecher<\/li>\n<\/ul>\n<p>[\/vc_column_text][\/vc_column_inner][vc_column_inner width=&#8221;1\/2&#8243;][vc_images_carousel images=&#8221;66412,66413,66411&#8243; img_size=&#8221;full&#8221; onclick=&#8221;link_no&#8221; autoplay=&#8221;yes&#8221; hide_pagination_control=&#8221;yes&#8221; css_animation=&#8221;bounceIn&#8221; css=&#8221;.vc_custom_1489415076170{border-top-width: 1px !important;border-right-width: 1px !important;border-bottom-width: 1px !important;border-left-width: 1px !important;border-left-color: #f5f5f5 !important;border-left-style: solid !important;border-right-color: #f5f5f5 !important;border-right-style: solid !important;border-top-color: #f5f5f5 !important;border-top-style: solid !important;border-bottom-color: #f5f5f5 !important;border-bottom-style: solid !important;}&#8221;][\/vc_column_inner][\/vc_row_inner][\/vc_column][\/vc_row]<\/p>\n","protected":false},"excerpt":{"rendered":"<p>[vc_row type=&#8221;container&#8221; padding_top=&#8221;&#8221; padding_bottom=&#8221;&#8221; css=&#8221;.vc_custom_1489413110533{margin-top: 0px !important;}&#8221;][vc_column][vc_row_inner css=&#8221;.vc_custom_1489413941368{padding-right: 0px !important;padding-left: 0px !important;}&#8221;][vc_column_inner width=&#8221;1\/2&#8243;][vc_column_text]Kategorie: TVs &amp; Zubeh\u00f6r Drohne &amp; Zubeh\u00f6r Smartphone Handys &amp; Zubeh\u00f6r Wearbles Kopfh\u00f6rer Lautsprecher [\/vc_column_text][\/vc_column_inner][vc_column_inner width=&#8221;1\/2&#8243;][vc_images_carousel images=&#8221;66412,66413,66411&#8243; img_size=&#8221;full&#8221; onclick=&#8221;link_no&#8221; autoplay=&#8221;yes&#8221; hide_pagination_control=&#8221;yes&#8221; css_animation=&#8221;bounceIn&#8221; css=&#8221;.vc_custom_1489415076170{border-top-width: 1px !important;border-right-width: 1px !important;border-bottom-width: 1px !important;border-left-width: 1px !important;border-left-color: #f5f5f5 !important;border-left-style: solid !important;border-right-color: #f5f5f5 !important;border-right-style: solid !important;border-top-color: #f5f5f5 !important;border-top-style: solid !important;border-bottom-color: [&hellip;]<\/p>\n","protected":false},"author":3,"featured_media":0,"parent":66907,"menu_order":1,"comment_status":"closed","ping_status":"closed","template":"","meta":{"_acf_changed":false,"footnotes":""},"class_list":["post-66910","page","type-page","status-publish","hentry"],"acf":[],"yoast_head":"<!-- This site is optimized with the Yoast SEO plugin v26.5 - https:\/\/yoast.com\/wordpress\/plugins\/seo\/ -->\n<title>Unterhaltungselektronik - Apsm.gr<\/title>\n<meta name=\"robots\" content=\"index, follow, max-snippet:-1, max-image-preview:large, max-video-preview:-1\" \/>\n<link rel=\"canonical\" href=\"http:\/\/apsm.gr\/de\/products\/consumer-electronics\/\" \/>\n<meta property=\"og:locale\" content=\"de_DE\" \/>\n<meta property=\"og:type\" content=\"article\" \/>\n<meta property=\"og:title\" content=\"Unterhaltungselektronik - Apsm.gr\" \/>\n<meta property=\"og:description\" content=\"[vc_row type=&#8221;container&#8221; padding_top=&#8221;&#8221; padding_bottom=&#8221;&#8221; css=&#8221;.vc_custom_1489413110533{margin-top: 0px !important;}&#8221;][vc_column][vc_row_inner css=&#8221;.vc_custom_1489413941368{padding-right: 0px !important;padding-left: 0px !important;}&#8221;][vc_column_inner width=&#8221;1\/2&#8243;][vc_column_text]Kategorie: TVs &amp; Zubeh\u00f6r Drohne &amp; Zubeh\u00f6r Smartphone Handys &amp; Zubeh\u00f6r Wearbles Kopfh\u00f6rer Lautsprecher [\/vc_column_text][\/vc_column_inner][vc_column_inner width=&#8221;1\/2&#8243;][vc_images_carousel images=&#8221;66412,66413,66411&#8243; img_size=&#8221;full&#8221; onclick=&#8221;link_no&#8221; autoplay=&#8221;yes&#8221; hide_pagination_control=&#8221;yes&#8221; css_animation=&#8221;bounceIn&#8221; css=&#8221;.vc_custom_1489415076170{border-top-width: 1px !important;border-right-width: 1px !important;border-bottom-width: 1px !important;border-left-width: 1px !important;border-left-color: #f5f5f5 !important;border-left-style: solid !important;border-right-color: #f5f5f5 !important;border-right-style: solid !important;border-top-color: #f5f5f5 !important;border-top-style: solid !important;border-bottom-color: [&hellip;]\" \/>\n<meta property=\"og:url\" content=\"http:\/\/apsm.gr\/de\/products\/consumer-electronics\/\" \/>\n<meta property=\"og:site_name\" content=\"Apsm.gr\" \/>\n<meta property=\"article:modified_time\" content=\"2017-04-20T12:56:55+00:00\" \/>\n<meta name=\"twitter:card\" content=\"summary_large_image\" \/>\n<meta name=\"twitter:label1\" content=\"Gesch\u00e4tzte Lesezeit\" \/>\n\t<meta name=\"twitter:data1\" content=\"1\u00a0Minute\" \/>\n<script type=\"application\/ld+json\" class=\"yoast-schema-graph\">{\"@context\":\"https:\/\/schema.org\",\"@graph\":[{\"@type\":\"WebPage\",\"@id\":\"http:\/\/apsm.gr\/de\/products\/consumer-electronics\/\",\"url\":\"http:\/\/apsm.gr\/de\/products\/consumer-electronics\/\",\"name\":\"Unterhaltungselektronik - Apsm.gr\",\"isPartOf\":{\"@id\":\"https:\/\/apsm.gr\/#website\"},\"datePublished\":\"2017-03-13T13:21:44+00:00\",\"dateModified\":\"2017-04-20T12:56:55+00:00\",\"breadcrumb\":{\"@id\":\"http:\/\/apsm.gr\/de\/products\/consumer-electronics\/#breadcrumb\"},\"inLanguage\":\"de\",\"potentialAction\":[{\"@type\":\"ReadAction\",\"target\":[\"http:\/\/apsm.gr\/de\/products\/consumer-electronics\/\"]}]},{\"@type\":\"BreadcrumbList\",\"@id\":\"http:\/\/apsm.gr\/de\/products\/consumer-electronics\/#breadcrumb\",\"itemListElement\":[{\"@type\":\"ListItem\",\"position\":1,\"name\":\"Home\",\"item\":\"https:\/\/apsm.gr\/de\/\"},{\"@type\":\"ListItem\",\"position\":2,\"name\":\"PRODUKTE\",\"item\":\"https:\/\/apsm.gr\/de\/products\/\"},{\"@type\":\"ListItem\",\"position\":3,\"name\":\"Unterhaltungselektronik\"}]},{\"@type\":\"WebSite\",\"@id\":\"https:\/\/apsm.gr\/#website\",\"url\":\"https:\/\/apsm.gr\/\",\"name\":\"Apsm.gr\",\"description\":\"Automation Products\",\"potentialAction\":[{\"@type\":\"SearchAction\",\"target\":{\"@type\":\"EntryPoint\",\"urlTemplate\":\"https:\/\/apsm.gr\/?s={search_term_string}\"},\"query-input\":{\"@type\":\"PropertyValueSpecification\",\"valueRequired\":true,\"valueName\":\"search_term_string\"}}],\"inLanguage\":\"de\"}]}<\/script>\n<!-- \/ Yoast SEO plugin. -->","yoast_head_json":{"title":"Unterhaltungselektronik - Apsm.gr","robots":{"index":"index","follow":"follow","max-snippet":"max-snippet:-1","max-image-preview":"max-image-preview:large","max-video-preview":"max-video-preview:-1"},"canonical":"http:\/\/apsm.gr\/de\/products\/consumer-electronics\/","og_locale":"de_DE","og_type":"article","og_title":"Unterhaltungselektronik - Apsm.gr","og_description":"[vc_row type=&#8221;container&#8221; padding_top=&#8221;&#8221; padding_bottom=&#8221;&#8221; css=&#8221;.vc_custom_1489413110533{margin-top: 0px !important;}&#8221;][vc_column][vc_row_inner css=&#8221;.vc_custom_1489413941368{padding-right: 0px !important;padding-left: 0px !important;}&#8221;][vc_column_inner width=&#8221;1\/2&#8243;][vc_column_text]Kategorie: TVs &amp; Zubeh\u00f6r Drohne &amp; Zubeh\u00f6r Smartphone Handys &amp; Zubeh\u00f6r Wearbles Kopfh\u00f6rer Lautsprecher [\/vc_column_text][\/vc_column_inner][vc_column_inner width=&#8221;1\/2&#8243;][vc_images_carousel images=&#8221;66412,66413,66411&#8243; img_size=&#8221;full&#8221; onclick=&#8221;link_no&#8221; autoplay=&#8221;yes&#8221; hide_pagination_control=&#8221;yes&#8221; css_animation=&#8221;bounceIn&#8221; css=&#8221;.vc_custom_1489415076170{border-top-width: 1px !important;border-right-width: 1px !important;border-bottom-width: 1px !important;border-left-width: 1px !important;border-left-color: #f5f5f5 !important;border-left-style: solid !important;border-right-color: #f5f5f5 !important;border-right-style: solid !important;border-top-color: #f5f5f5 !important;border-top-style: solid !important;border-bottom-color: [&hellip;]","og_url":"http:\/\/apsm.gr\/de\/products\/consumer-electronics\/","og_site_name":"Apsm.gr","article_modified_time":"2017-04-20T12:56:55+00:00","twitter_card":"summary_large_image","twitter_misc":{"Gesch\u00e4tzte Lesezeit":"1\u00a0Minute"},"schema":{"@context":"https:\/\/schema.org","@graph":[{"@type":"WebPage","@id":"http:\/\/apsm.gr\/de\/products\/consumer-electronics\/","url":"http:\/\/apsm.gr\/de\/products\/consumer-electronics\/","name":"Unterhaltungselektronik - Apsm.gr","isPartOf":{"@id":"https:\/\/apsm.gr\/#website"},"datePublished":"2017-03-13T13:21:44+00:00","dateModified":"2017-04-20T12:56:55+00:00","breadcrumb":{"@id":"http:\/\/apsm.gr\/de\/products\/consumer-electronics\/#breadcrumb"},"inLanguage":"de","potentialAction":[{"@type":"ReadAction","target":["http:\/\/apsm.gr\/de\/products\/consumer-electronics\/"]}]},{"@type":"BreadcrumbList","@id":"http:\/\/apsm.gr\/de\/products\/consumer-electronics\/#breadcrumb","itemListElement":[{"@type":"ListItem","position":1,"name":"Home","item":"https:\/\/apsm.gr\/de\/"},{"@type":"ListItem","position":2,"name":"PRODUKTE","item":"https:\/\/apsm.gr\/de\/products\/"},{"@type":"ListItem","position":3,"name":"Unterhaltungselektronik"}]},{"@type":"WebSite","@id":"https:\/\/apsm.gr\/#website","url":"https:\/\/apsm.gr\/","name":"Apsm.gr","description":"Automation Products","potentialAction":[{"@type":"SearchAction","target":{"@type":"EntryPoint","urlTemplate":"https:\/\/apsm.gr\/?s={search_term_string}"},"query-input":{"@type":"PropertyValueSpecification","valueRequired":true,"valueName":"search_term_string"}}],"inLanguage":"de"}]}},"_links":{"self":[{"href":"http:\/\/apsm.gr\/de\/wp-json\/wp\/v2\/pages\/66910","targetHints":{"allow":["GET"]}}],"collection":[{"href":"http:\/\/apsm.gr\/de\/wp-json\/wp\/v2\/pages"}],"about":[{"href":"http:\/\/apsm.gr\/de\/wp-json\/wp\/v2\/types\/page"}],"author":[{"embeddable":true,"href":"http:\/\/apsm.gr\/de\/wp-json\/wp\/v2\/users\/3"}],"replies":[{"embeddable":true,"href":"http:\/\/apsm.gr\/de\/wp-json\/wp\/v2\/comments?post=66910"}],"version-history":[{"count":1,"href":"http:\/\/apsm.gr\/de\/wp-json\/wp\/v2\/pages\/66910\/revisions"}],"predecessor-version":[{"id":66911,"href":"http:\/\/apsm.gr\/de\/wp-json\/wp\/v2\/pages\/66910\/revisions\/66911"}],"up":[{"embeddable":true,"href":"http:\/\/apsm.gr\/de\/wp-json\/wp\/v2\/pages\/66907"}],"wp:attachment":[{"href":"http:\/\/apsm.gr\/de\/wp-json\/wp\/v2\/media?parent=66910"}],"curies":[{"name":"wp","href":"https:\/\/api.w.org\/{rel}","templated":true}]}}