{"id":66888,"date":"2017-01-16T14:25:18","date_gmt":"2017-01-16T14:25:18","guid":{"rendered":"http:\/\/apsm.gr\/sample-page\/"},"modified":"2025-06-20T15:16:24","modified_gmt":"2025-06-20T13:16:24","slug":"sample-page","status":"publish","type":"page","link":"http:\/\/apsm.gr\/de\/","title":{"rendered":"Home"},"content":{"rendered":"<p>[vc_section full_width=&#8221;stretch_row&#8221;][vc_row full_width=&#8221;stretch_row_content_no_spaces&#8221; type=&#8221;full_page_width&#8221; padding_top=&#8221;&#8221; padding_bottom=&#8221;&#8221; row_type=&#8221;row&#8221; use_row_as_full_screen_section=&#8221;no&#8221; angled_section=&#8221;no&#8221; text_align=&#8221;left&#8221; background_image_as_pattern=&#8221;without_pattern&#8221; css=&#8221;.vc_custom_1487929213592{margin-bottom: 0px !important;}&#8221;][vc_column][layerslider_vc id=&#8221;2&#8243;][\/vc_column][\/vc_row][\/vc_section][vc_row type=&#8221;full_page_width_inner_container&#8221; padding_top=&#8221;&#8221; padding_bottom=&#8221;&#8221; row_type=&#8221;row&#8221; use_row_as_full_screen_section=&#8221;no&#8221; angled_section=&#8221;no&#8221; text_align=&#8221;center&#8221; background_image_as_pattern=&#8221;without_pattern&#8221; css=&#8221;.vc_custom_1487932050558{margin-top: 0px !important;padding-top: 3em !important;padding-bottom: 6em !important;background-color: #f4f4f4 !important;}&#8221; el_id=&#8221;home-about-us&#8221;][vc_column width=&#8221;1\/6&#8243;][\/vc_column][vc_column width=&#8221;2\/3&#8243;][vc_column_text]<\/p>\n<h1>\u00dcBER UNS<\/h1>\n<hr class=\"apsm\" \/>\n<p>\u201cAP Supplies and Media LTD\u201d gr\u00fcndete sich 2010 und bet\u00e4tigt sich sowohl mit IT-Distribution als auch internationalen Gro\u00dfhandel von IT Ausstattung, IT Zubeh\u00f6r und Unterhaltungselektronik.<\/p>\n<p>APSM widmet den inl\u00e4ndischen und ausl\u00e4ndischen Kunden ihre Unterst\u00fctzung und Hilfsbereitschaft, indem sie ein vielf\u00e4ltiges &amp; innovatives Produkte-Portfolio denen zur Verf\u00fcgung stellt.[\/vc_column_text][vc_btn title=&#8221;WEITERLESEN&#8221; style=&#8221;flat&#8221; shape=&#8221;square&#8221; align=&#8221;center&#8221; link=&#8221;url:%2Fde%2Fi-eteria%2Fabout-us%2F|||&#8221;][vc_column_text]<\/p>\n<p style=\"text-align: center;\"><iframe loading=\"lazy\" src=\"https:\/\/www.youtube.com\/embed\/EBWAg961vME?rel=0&amp;showinfo=0\" width=\"560\" height=\"315\" frameborder=\"0\" allowfullscreen=\"allowfullscreen\"><\/iframe><\/p>\n<p>[\/vc_column_text][\/vc_column][vc_column width=&#8221;1\/6&#8243;][\/vc_column][\/vc_row][vc_row type=&#8221;full_page_width_inner_container&#8221; padding_top=&#8221;&#8221; padding_bottom=&#8221;&#8221; row_type=&#8221;row&#8221; use_row_as_full_screen_section=&#8221;no&#8221; angled_section=&#8221;no&#8221; text_align=&#8221;center&#8221; background_image_as_pattern=&#8221;without_pattern&#8221; css=&#8221;.vc_custom_1494352855751{margin-top: 0px !important;}&#8221;][vc_column][vc_column_text]<\/p>\n<h1 style=\"text-align: center;\">NEUIGKEITEN<\/h1>\n<hr class=\"apsm\" \/>\n<p>[\/vc_column_text][vc_basic_grid post_type=&#8221;post&#8221; max_items=&#8221;3&#8243; item=&#8221;112&#8243; grid_id=&#8221;vc_gid:1750425306694-a95975cf-8208-8&#8243;][vc_btn title=&#8221;ALLE NEUIGKEITEN&#8221; style=&#8221;flat&#8221; shape=&#8221;square&#8221; align=&#8221;center&#8221; link=&#8221;url:%2Fde%2Fneuigkeiten%2F|||&#8221;][\/vc_column][\/vc_row][vc_row type=&#8221;full_page_width_inner_container&#8221; padding_top=&#8221;&#8221; padding_bottom=&#8221;&#8221; css=&#8221;.vc_custom_1493110595242{margin-bottom: 0px !important;padding-top: 6em !important;padding-bottom: 6em !important;background-color: #e7e7e7 !important;}&#8221; el_id=&#8221;home-customer&#8221;][vc_column width=&#8221;1\/2&#8243; el_class=&#8221;home-customer&#8221;][vc_column_text]<\/p>\n<h1>FALLS SIE EIN KUNDE SIND<\/h1>\n<hr class=\"apsm\" \/>\n<p>Als eine kundeorientierte Firma und st\u00e4ndig von unseren Kunden bewertet, k\u00e4mpfen wir auf t\u00e4glicher Basis f\u00fcr die Zufriedenheit der Klientelen. Wir begreifen die hohen anspruchsvollen Notwendigkeiten des Markts und bem\u00fchen uns darum, dass unser neues eingef\u00fchrtes Produkt-Portfolio immer aktualisiert und einzigartig ist. Durch unseren Vielfalt an Produktalternative bieten wir unseren Kunden die Diversit\u00e4t und Auswahl von ausgezeichneten L\u00f6sungen, gebend Ihnen einen wegweisenden Vorsprung in eurem Gesch\u00e4ft.<\/p>\n<p>Bitte besuchen Sie die entsprechende Kategorie um mehr in Bezug auf unsere Kunden zu lernen und f\u00fcllen Sie das Formular aus, so dass wir uns in Verbindung mit Ihnen setzen.[\/vc_column_text][vc_btn title=&#8221;WEITERLESEN&#8221; style=&#8221;flat&#8221; shape=&#8221;square&#8221; align=&#8221;center&#8221; link=&#8221;url:%2Fde%2Fpartners%2F|||&#8221;][\/vc_column][vc_column width=&#8221;1\/2&#8243;][vc_single_image image=&#8221;83&#8243; img_size=&#8221;full&#8221;][\/vc_column][\/vc_row][vc_row type=&#8221;full_page_width_inner_container&#8221; padding_top=&#8221;&#8221; padding_bottom=&#8221;&#8221; css=&#8221;.vc_custom_1494929447812{padding-top: 6em !important;padding-bottom: 6em !important;background-color: #f4f4f4 !important;}&#8221; el_id=&#8221;home-vendor&#8221;][vc_column width=&#8221;1\/2&#8243;][vc_single_image image=&#8221;84&#8243; img_size=&#8221;full&#8221; alignment=&#8221;right&#8221;][\/vc_column][vc_column width=&#8221;1\/2&#8243; el_class=&#8221;home-vendor&#8221;][vc_column_text]<\/p>\n<h1>FALLS SIE EIN LIEFERANT SIND<\/h1>\n<hr class=\"apsm\" \/>\n<p>Unsere Lieferanten bilden einen untrennbaren Teil unserer t\u00e4glichen Arbeit und schaffen die Voraussetzungen f\u00fcr einen erfolgreichen und ununterbrochenen Aufschwung. Durch ein vorsichtig gew\u00e4hltes Netzwerk investieren wir in strategischen Partnerschaften und setzen wir uns auf pr\u00e4zise dauerhafte gesch\u00e4ftliche Zusammenarbeiten ein, die unsere Position auf den Markt f\u00f6rdern werden und unsere Existenz den Wettbewerb und den anspruchsvollen Bed\u00fcrfnissen gegen\u00fcber versichern werden. Unsere Ziele k\u00f6nnen durch die wertvolle Hilfe und Unterst\u00fctzung unserer Lieferanten realisiert werden.<\/p>\n<p>Bitte besuchen Sie die entsprechende Kategorie um mehr in Bezug auf unsere Lieferanten zu lernen und f\u00fcllen Sie das Formular aus, so dass wir uns in Verbindung mit Ihnen setzen.[\/vc_column_text][vc_btn title=&#8221;WEITERLESEN&#8221; style=&#8221;flat&#8221; shape=&#8221;square&#8221; align=&#8221;center&#8221; link=&#8221;url:%2Fde%2Fpartners%2F|||&#8221;][\/vc_column][\/vc_row][vc_row type=&#8221;full_page_width_inner_container&#8221; padding_top=&#8221;&#8221; padding_bottom=&#8221;&#8221; css=&#8221;.vc_custom_1487932017908{padding-top: 6em !important;padding-bottom: 6em !important;background-color: #f4f4f4 !important;}&#8221; el_id=&#8221;home-customer-mobile&#8221;][vc_column width=&#8221;1\/2&#8243; el_class=&#8221;home-customer&#8221;][vc_single_image image=&#8221;83&#8243; img_size=&#8221;full&#8221;][\/vc_column][vc_column width=&#8221;1\/2&#8243;][vc_column_text]<\/p>\n<h1>IF YOU ARE A CUSTOMER<\/h1>\n<hr class=\"apsm\" \/>\n<p>Lorem ipsum dolor sit amet, consectetur adipiscing elit. Nulla a scelerisque leo. Maecenas porta sem mauris. Nulla tempus purus eu mauris pharetra rutrum. In egestas mi nibh, non viverra elit tincidunt a. Vestibulum ac justo sit amet nulla vulputate consectetur. Nam tempor mi ex, a pulvinar ex bibendum vel. Proin ante turpis, iaculis ac justo quis, accumsan placerat tellus. Integer dapibus mi ut massa malesuada, eu egestas mi tempor.[\/vc_column_text][vc_btn title=&#8221;WEITERLESEN&#8221; style=&#8221;flat&#8221; shape=&#8221;square&#8221; align=&#8221;center&#8221; link=&#8221;url:%2Fprofile%2F|||&#8221;][\/vc_column][\/vc_row][vc_row type=&#8221;full_page_width_inner_container&#8221; padding_top=&#8221;&#8221; padding_bottom=&#8221;&#8221; el_id=&#8221;home-distributors&#8221;][vc_column][vc_column_text]<\/p>\n<h1>OFFIZIELLE DISTRIBUTOREN<\/h1>\n<hr class=\"apsm\" \/>\n<p>[\/vc_column_text]        \n\t<script type=\"text\/javascript\">\n\n\tjQuery(document).ready(function($) {\n\n\t\t$(\"#owlslider_495616767\").owlCarousel({\n\t\t\tautoPlay: 4000, \n\t\t\titems : 5,\n\t\t\tpagination : false,\n\t\t\tstopOnHover : true,\n\t\t\titemsDesktop : [1199,4],\n\t\t\titemsDesktopSmall : [979,3]\n\t\t}); \n\t});\n\n\t<\/script>\n\n<div class=\"cg-logos\">\n\t<div class=\"row\">\n\t\t<div id=\"owlslider_495616767\" class=\"owl-carousel\">\n\t\t\t\t\t\t\t\n\t\t\t\t\n\t\t\t\t<div class=\"item\">\n\t\t\t\t\t<a href=\"\">\n\t\t\t\t\t\t<img decoding=\"async\" alt=\"logo\" src=\"https:\/\/apsm.gr\/wp-content\/uploads\/2017\/04\/Port-Designs-Logo.png\">\n\t\t\t\t\t<\/a>\n\t\t\t\t<\/div>\n\n\t\t\t\n\t\t\t\t\n\t\t\t\t<div class=\"item\">\n\t\t\t\t\t<a href=\"\">\n\t\t\t\t\t\t<img decoding=\"async\" alt=\"logo\" src=\"https:\/\/apsm.gr\/wp-content\/uploads\/2019\/06\/Distributor-bw-msi.png\">\n\t\t\t\t\t<\/a>\n\t\t\t\t<\/div>\n\n\t\t\t\n\t\t\t\t\n\t\t\t\t<div class=\"item\">\n\t\t\t\t\t<a href=\"\">\n\t\t\t\t\t\t<img decoding=\"async\" alt=\"logo\" src=\"\/\/apsm.gr\/wp-content\/uploads\/2017\/02\/intenso.png\">\n\t\t\t\t\t<\/a>\n\t\t\t\t<\/div>\n\n\t\t\t\n\t\t\t\t\n\t\t\t\t<div class=\"item\">\n\t\t\t\t\t<a href=\"\">\n\t\t\t\t\t\t<img decoding=\"async\" alt=\"logo\" src=\"https:\/\/apsm.gr\/wp-content\/uploads\/2019\/04\/110x50.png\">\n\t\t\t\t\t<\/a>\n\t\t\t\t<\/div>\n\n\t\t\t\n\t\t\t\t\n\t\t\t\t<div class=\"item\">\n\t\t\t\t\t<a href=\"\">\n\t\t\t\t\t\t<img decoding=\"async\" alt=\"logo\" src=\"https:\/\/apsm.gr\/wp-content\/uploads\/2025\/06\/motorola.png\">\n\t\t\t\t\t<\/a>\n\t\t\t\t<\/div>\n\n\t\t\t\n\t\t\t\t\n\t\t\t\t<div class=\"item\">\n\t\t\t\t\t<a href=\"\">\n\t\t\t\t\t\t<img decoding=\"async\" alt=\"logo\" src=\"\/\/apsm.gr\/wp-content\/uploads\/2017\/02\/freecom.png\">\n\t\t\t\t\t<\/a>\n\t\t\t\t<\/div>\n\n\t\t\t\n\t\t\t\t\n\t\t\t\t<div class=\"item\">\n\t\t\t\t\t<a href=\"\">\n\t\t\t\t\t\t<img decoding=\"async\" alt=\"logo\" src=\"https:\/\/apsm.gr\/wp-content\/uploads\/2017\/02\/Philips_Shape_RGB_TVSound_HCdark_blue2.png\">\n\t\t\t\t\t<\/a>\n\t\t\t\t<\/div>\n\n\t\t\t\n\t\t\t\t\n\t\t\t\t<div class=\"item\">\n\t\t\t\t\t<a href=\"\">\n\t\t\t\t\t\t<img decoding=\"async\" alt=\"logo\" src=\"\/\/apsm.gr\/wp-content\/uploads\/2017\/05\/Data-Flash-Logo.png\">\n\t\t\t\t\t<\/a>\n\t\t\t\t<\/div>\n\n\t\t\t\n\t\t\t\t\n\t\t\t\t<div class=\"item\">\n\t\t\t\t\t<a href=\"\">\n\t\t\t\t\t\t<img decoding=\"async\" alt=\"logo\" src=\"https:\/\/apsm.gr\/wp-content\/uploads\/2017\/02\/Distributor-targus.jpg\">\n\t\t\t\t\t<\/a>\n\t\t\t\t<\/div>\n\n\t\t\t\n\t\t\t\t\n\t\t\t\t<div class=\"item\">\n\t\t\t\t\t<a href=\"\">\n\t\t\t\t\t\t<img decoding=\"async\" alt=\"logo\" src=\"https:\/\/apsm.gr\/wp-content\/uploads\/2017\/02\/Logo-playseat.jpg\">\n\t\t\t\t\t<\/a>\n\t\t\t\t<\/div>\n\n\t\t\t\n\t\t\t\t\n\t\t\t\t<div class=\"item\">\n\t\t\t\t\t<a href=\"\">\n\t\t\t\t\t\t<img decoding=\"async\" alt=\"logo\" src=\"https:\/\/apsm.gr\/wp-content\/uploads\/2017\/02\/logo_trust_corporate_rgb-203-117.png\">\n\t\t\t\t\t<\/a>\n\t\t\t\t<\/div>\n\n\t\t\t\t\t\t\n\t\t\t\n\t\t<\/div>\n\t<\/div>\n<\/div>\n\n[\/vc_column][\/vc_row]<\/p>\n","protected":false},"excerpt":{"rendered":"<p>[vc_section full_width=&#8221;stretch_row&#8221;][vc_row full_width=&#8221;stretch_row_content_no_spaces&#8221; type=&#8221;full_page_width&#8221; padding_top=&#8221;&#8221; padding_bottom=&#8221;&#8221; row_type=&#8221;row&#8221; use_row_as_full_screen_section=&#8221;no&#8221; angled_section=&#8221;no&#8221; text_align=&#8221;left&#8221; background_image_as_pattern=&#8221;without_pattern&#8221; css=&#8221;.vc_custom_1487929213592{margin-bottom: 0px !important;}&#8221;][vc_column][layerslider_vc id=&#8221;2&#8243;][\/vc_column][\/vc_row][\/vc_section][vc_row type=&#8221;full_page_width_inner_container&#8221; padding_top=&#8221;&#8221; padding_bottom=&#8221;&#8221; row_type=&#8221;row&#8221; use_row_as_full_screen_section=&#8221;no&#8221; angled_section=&#8221;no&#8221; text_align=&#8221;center&#8221; background_image_as_pattern=&#8221;without_pattern&#8221; css=&#8221;.vc_custom_1487932050558{margin-top: 0px !important;padding-top: 3em !important;padding-bottom: 6em !important;background-color: #f4f4f4 !important;}&#8221; el_id=&#8221;home-about-us&#8221;][vc_column width=&#8221;1\/6&#8243;][\/vc_column][vc_column width=&#8221;2\/3&#8243;][vc_column_text] \u00dcBER UNS \u201cAP Supplies and Media LTD\u201d gr\u00fcndete sich 2010 und bet\u00e4tigt sich sowohl mit IT-Distribution als auch internationalen Gro\u00dfhandel [&hellip;]<\/p>\n","protected":false},"author":3,"featured_media":0,"parent":0,"menu_order":0,"comment_status":"closed","ping_status":"open","template":"page-full-width.php","meta":{"_acf_changed":false,"footnotes":""},"class_list":["post-66888","page","type-page","status-publish","hentry"],"acf":[],"yoast_head":"<!-- This site is optimized with the Yoast SEO plugin v26.5 - https:\/\/yoast.com\/wordpress\/plugins\/seo\/ -->\n<title>Home - Apsm.gr<\/title>\n<meta name=\"robots\" content=\"index, follow, max-snippet:-1, max-image-preview:large, max-video-preview:-1\" \/>\n<link rel=\"canonical\" href=\"https:\/\/apsm.gr\/de\/\" \/>\n<meta property=\"og:locale\" content=\"de_DE\" \/>\n<meta property=\"og:type\" content=\"article\" \/>\n<meta property=\"og:title\" content=\"Home - Apsm.gr\" \/>\n<meta property=\"og:description\" content=\"[vc_section full_width=&#8221;stretch_row&#8221;][vc_row full_width=&#8221;stretch_row_content_no_spaces&#8221; type=&#8221;full_page_width&#8221; padding_top=&#8221;&#8221; padding_bottom=&#8221;&#8221; row_type=&#8221;row&#8221; use_row_as_full_screen_section=&#8221;no&#8221; angled_section=&#8221;no&#8221; text_align=&#8221;left&#8221; background_image_as_pattern=&#8221;without_pattern&#8221; css=&#8221;.vc_custom_1487929213592{margin-bottom: 0px !important;}&#8221;][vc_column][layerslider_vc id=&#8221;2&#8243;][\/vc_column][\/vc_row][\/vc_section][vc_row type=&#8221;full_page_width_inner_container&#8221; padding_top=&#8221;&#8221; padding_bottom=&#8221;&#8221; row_type=&#8221;row&#8221; use_row_as_full_screen_section=&#8221;no&#8221; angled_section=&#8221;no&#8221; text_align=&#8221;center&#8221; background_image_as_pattern=&#8221;without_pattern&#8221; css=&#8221;.vc_custom_1487932050558{margin-top: 0px !important;padding-top: 3em !important;padding-bottom: 6em !important;background-color: #f4f4f4 !important;}&#8221; el_id=&#8221;home-about-us&#8221;][vc_column width=&#8221;1\/6&#8243;][\/vc_column][vc_column width=&#8221;2\/3&#8243;][vc_column_text] \u00dcBER UNS \u201cAP Supplies and Media LTD\u201d gr\u00fcndete sich 2010 und bet\u00e4tigt sich sowohl mit IT-Distribution als auch internationalen Gro\u00dfhandel [&hellip;]\" \/>\n<meta property=\"og:url\" content=\"https:\/\/apsm.gr\/de\/\" \/>\n<meta property=\"og:site_name\" content=\"Apsm.gr\" \/>\n<meta property=\"article:modified_time\" content=\"2025-06-20T13:16:24+00:00\" \/>\n<meta name=\"twitter:card\" content=\"summary_large_image\" \/>\n<meta name=\"twitter:label1\" content=\"Gesch\u00e4tzte Lesezeit\" \/>\n\t<meta name=\"twitter:data1\" content=\"4\u00a0Minuten\" \/>\n<script type=\"application\/ld+json\" class=\"yoast-schema-graph\">{\"@context\":\"https:\/\/schema.org\",\"@graph\":[{\"@type\":\"WebPage\",\"@id\":\"https:\/\/apsm.gr\/de\/\",\"url\":\"https:\/\/apsm.gr\/de\/\",\"name\":\"Home - Apsm.gr\",\"isPartOf\":{\"@id\":\"https:\/\/apsm.gr\/#website\"},\"datePublished\":\"2017-01-16T14:25:18+00:00\",\"dateModified\":\"2025-06-20T13:16:24+00:00\",\"breadcrumb\":{\"@id\":\"https:\/\/apsm.gr\/de\/#breadcrumb\"},\"inLanguage\":\"de\",\"potentialAction\":[{\"@type\":\"ReadAction\",\"target\":[\"https:\/\/apsm.gr\/de\/\"]}]},{\"@type\":\"BreadcrumbList\",\"@id\":\"https:\/\/apsm.gr\/de\/#breadcrumb\",\"itemListElement\":[{\"@type\":\"ListItem\",\"position\":1,\"name\":\"Home\",\"item\":\"https:\/\/apsm.gr\/de\/\"},{\"@type\":\"ListItem\",\"position\":2,\"name\":\"Home\"}]},{\"@type\":\"WebSite\",\"@id\":\"https:\/\/apsm.gr\/#website\",\"url\":\"https:\/\/apsm.gr\/\",\"name\":\"Apsm.gr\",\"description\":\"Automation Products\",\"potentialAction\":[{\"@type\":\"SearchAction\",\"target\":{\"@type\":\"EntryPoint\",\"urlTemplate\":\"https:\/\/apsm.gr\/?s={search_term_string}\"},\"query-input\":{\"@type\":\"PropertyValueSpecification\",\"valueRequired\":true,\"valueName\":\"search_term_string\"}}],\"inLanguage\":\"de\"}]}<\/script>\n<!-- \/ Yoast SEO plugin. -->","yoast_head_json":{"title":"Home - Apsm.gr","robots":{"index":"index","follow":"follow","max-snippet":"max-snippet:-1","max-image-preview":"max-image-preview:large","max-video-preview":"max-video-preview:-1"},"canonical":"https:\/\/apsm.gr\/de\/","og_locale":"de_DE","og_type":"article","og_title":"Home - Apsm.gr","og_description":"[vc_section full_width=&#8221;stretch_row&#8221;][vc_row full_width=&#8221;stretch_row_content_no_spaces&#8221; type=&#8221;full_page_width&#8221; padding_top=&#8221;&#8221; padding_bottom=&#8221;&#8221; row_type=&#8221;row&#8221; use_row_as_full_screen_section=&#8221;no&#8221; angled_section=&#8221;no&#8221; text_align=&#8221;left&#8221; background_image_as_pattern=&#8221;without_pattern&#8221; css=&#8221;.vc_custom_1487929213592{margin-bottom: 0px !important;}&#8221;][vc_column][layerslider_vc id=&#8221;2&#8243;][\/vc_column][\/vc_row][\/vc_section][vc_row type=&#8221;full_page_width_inner_container&#8221; padding_top=&#8221;&#8221; padding_bottom=&#8221;&#8221; row_type=&#8221;row&#8221; use_row_as_full_screen_section=&#8221;no&#8221; angled_section=&#8221;no&#8221; text_align=&#8221;center&#8221; background_image_as_pattern=&#8221;without_pattern&#8221; css=&#8221;.vc_custom_1487932050558{margin-top: 0px !important;padding-top: 3em !important;padding-bottom: 6em !important;background-color: #f4f4f4 !important;}&#8221; el_id=&#8221;home-about-us&#8221;][vc_column width=&#8221;1\/6&#8243;][\/vc_column][vc_column width=&#8221;2\/3&#8243;][vc_column_text] \u00dcBER UNS \u201cAP Supplies and Media LTD\u201d gr\u00fcndete sich 2010 und bet\u00e4tigt sich sowohl mit IT-Distribution als auch internationalen Gro\u00dfhandel [&hellip;]","og_url":"https:\/\/apsm.gr\/de\/","og_site_name":"Apsm.gr","article_modified_time":"2025-06-20T13:16:24+00:00","twitter_card":"summary_large_image","twitter_misc":{"Gesch\u00e4tzte Lesezeit":"4\u00a0Minuten"},"schema":{"@context":"https:\/\/schema.org","@graph":[{"@type":"WebPage","@id":"https:\/\/apsm.gr\/de\/","url":"https:\/\/apsm.gr\/de\/","name":"Home - Apsm.gr","isPartOf":{"@id":"https:\/\/apsm.gr\/#website"},"datePublished":"2017-01-16T14:25:18+00:00","dateModified":"2025-06-20T13:16:24+00:00","breadcrumb":{"@id":"https:\/\/apsm.gr\/de\/#breadcrumb"},"inLanguage":"de","potentialAction":[{"@type":"ReadAction","target":["https:\/\/apsm.gr\/de\/"]}]},{"@type":"BreadcrumbList","@id":"https:\/\/apsm.gr\/de\/#breadcrumb","itemListElement":[{"@type":"ListItem","position":1,"name":"Home","item":"https:\/\/apsm.gr\/de\/"},{"@type":"ListItem","position":2,"name":"Home"}]},{"@type":"WebSite","@id":"https:\/\/apsm.gr\/#website","url":"https:\/\/apsm.gr\/","name":"Apsm.gr","description":"Automation Products","potentialAction":[{"@type":"SearchAction","target":{"@type":"EntryPoint","urlTemplate":"https:\/\/apsm.gr\/?s={search_term_string}"},"query-input":{"@type":"PropertyValueSpecification","valueRequired":true,"valueName":"search_term_string"}}],"inLanguage":"de"}]}},"_links":{"self":[{"href":"http:\/\/apsm.gr\/de\/wp-json\/wp\/v2\/pages\/66888","targetHints":{"allow":["GET"]}}],"collection":[{"href":"http:\/\/apsm.gr\/de\/wp-json\/wp\/v2\/pages"}],"about":[{"href":"http:\/\/apsm.gr\/de\/wp-json\/wp\/v2\/types\/page"}],"author":[{"embeddable":true,"href":"http:\/\/apsm.gr\/de\/wp-json\/wp\/v2\/users\/3"}],"replies":[{"embeddable":true,"href":"http:\/\/apsm.gr\/de\/wp-json\/wp\/v2\/comments?post=66888"}],"version-history":[{"count":6,"href":"http:\/\/apsm.gr\/de\/wp-json\/wp\/v2\/pages\/66888\/revisions"}],"predecessor-version":[{"id":67429,"href":"http:\/\/apsm.gr\/de\/wp-json\/wp\/v2\/pages\/66888\/revisions\/67429"}],"wp:attachment":[{"href":"http:\/\/apsm.gr\/de\/wp-json\/wp\/v2\/media?parent=66888"}],"curies":[{"name":"wp","href":"https:\/\/api.w.org\/{rel}","templated":true}]}}